{"id":121,"date":"2024-12-14T23:28:32","date_gmt":"2024-12-14T22:28:32","guid":{"rendered":"https:\/\/ouilnpn.fr\/?page_id=121"},"modified":"2024-12-14T23:38:58","modified_gmt":"2024-12-14T22:38:58","slug":"projets-connexes","status":"publish","type":"page","link":"https:\/\/ouilnpn.fr\/index.php\/projets-connexes\/","title":{"rendered":"Projets connexes"},"content":{"rendered":"\n<p>Parce que la Ligne nouvelle Paris-Normandie n&#8217;est qu&#8217;une brique dans une strat\u00e9gie plus g\u00e9n\u00e9rale de d\u00e9veloppement du train, voici quelques exemples de projets connexes (source : <a href=\"https:\/\/fr.wikipedia.org\/w\/index.php?title=Ligne_nouvelle_Paris_-_Normandie&amp;oldid=220561276\">Wikipedia<\/a>)<\/p>\n\n\n\n<hr class=\"wp-block-separator has-alpha-channel-opacity\"\/>\n\n\n\n<p>Le <a href=\"https:\/\/fr.wikipedia.org\/wiki\/Prolongement_de_la_ligne_E_du_RER_d%27%C3%8Ele-de-France_%C3%A0_l%27ouest\">prolongement du RER E<\/a> vers <a href=\"https:\/\/fr.wikipedia.org\/wiki\/Mantes-la-Jolie\">Mantes-la-Jolie<\/a> entra\u00eene un r\u00e9am\u00e9nagement de l&#8217;ensemble des voies de la <a href=\"https:\/\/fr.wikipedia.org\/wiki\/Gare_de_Mantes-la-Jolie\">gare de Mantes-la-Jolie<\/a>, gare de bifurcation entre la <a href=\"https:\/\/fr.wikipedia.org\/wiki\/Ligne_de_Paris-Saint-Lazare_au_Havre\">ligne vers le Havre<\/a> et la <a href=\"https:\/\/fr.wikipedia.org\/wiki\/Ligne_de_Mantes-la-Jolie_%C3%A0_Cherbourg\">ligne vers Cherbourg<\/a>. Pour lib\u00e9rer de la capacit\u00e9 et fluidifier la circulation g\u00e9n\u00e9rale, un saut-de-mouton \u00e0 voie unique est construit. Il permet aux trains en provenance de Cherbourg et en direction de Paris de rejoindre la ligne du Havre sans cisailler les voies. En juin 2024, cet ouvrage n&#8217;est pas achev\u00e9.<\/p>\n\n\n\n<p>Parall\u00e8lement au projet LNPN a \u00e9merg\u00e9 un projet de saut-de-mouton dans l&#8217;avant-gare de <a href=\"https:\/\/fr.wikipedia.org\/wiki\/Gare_de_Paris-Saint-Lazare\">Paris-Saint-Lazare<\/a> afin d&#8217;am\u00e9liorer les conditions d&#8217;acc\u00e8s \u00e0 la gare pour les trains du <a href=\"https:\/\/fr.wikipedia.org\/wiki\/TER_Normandie\">TER Normandie<\/a> ainsi que de certains trains de la <a href=\"https:\/\/fr.wikipedia.org\/wiki\/Ligne_J_du_Transilien\">ligne J<\/a> qui actuellement se <a href=\"https:\/\/fr.wikipedia.org\/wiki\/Cisaillement\">cisaillent<\/a> en avant-gare afin de permettre l&#8217;acc\u00e8s des trains du TER Normandie aux quais longs de la gare Saint-Lazare. Ce projet ind\u00e9pendant voit ses \u00e9tudes commenc\u00e9es en 2020 mais en raison du trafic ferroviaire tr\u00e8s dense dans la zone choisie (pr\u00e8s de la <a href=\"https:\/\/fr.wikipedia.org\/wiki\/Gare_de_Clichy_-_Levallois\">gare de Clichy &#8211; Levallois<\/a>) ne devrait pas \u00eatre achev\u00e9 avant 2033.<\/p>\n\n\n\n<div class=\"wp-block-cover\"><span aria-hidden=\"true\" class=\"wp-block-cover__background has-background-dim\"><\/span><img loading=\"lazy\" decoding=\"async\" width=\"922\" height=\"518\" class=\"wp-block-cover__image-background wp-image-125\" alt=\"sch\u00e9ma du saut-de-mouton de Saint-Lazare\" src=\"http:\/\/ouilnpn.fr\/wp-content\/uploads\/2024\/12\/sdm2_0.png.webp\" data-object-fit=\"cover\" srcset=\"https:\/\/ouilnpn.fr\/wp-content\/uploads\/2024\/12\/sdm2_0.png.webp 922w, https:\/\/ouilnpn.fr\/wp-content\/uploads\/2024\/12\/sdm2_0.png-300x169.webp 300w, https:\/\/ouilnpn.fr\/wp-content\/uploads\/2024\/12\/sdm2_0.png-768x431.webp 768w\" sizes=\"auto, (max-width: 922px) 100vw, 922px\" \/><div class=\"wp-block-cover__inner-container is-layout-flow wp-block-cover-is-layout-flow\">\n<p class=\"has-text-align-center has-large-font-size\"><\/p>\n<\/div><\/div>\n\n\n\n<hr class=\"wp-block-separator has-alpha-channel-opacity\"\/>\n\n\n\n<p>Parmi les diff\u00e9rents documents du d\u00e9bat public de 2011-2012, appara\u00eet l&#8217;id\u00e9e de cr\u00e9er un contournement de <a href=\"https:\/\/fr.wikipedia.org\/wiki\/Lisieux\">Lisieux<\/a> d&#8217;une vingtaine de kilom\u00e8tres. Ce contournement permettrait d&#8217;acc\u00e9l\u00e9rer les relations <a href=\"https:\/\/fr.wikipedia.org\/wiki\/Caen\">Caen<\/a>&nbsp;\u2013 <a href=\"https:\/\/fr.wikipedia.org\/wiki\/Paris\">Paris<\/a> ainsi que les relations <a href=\"https:\/\/fr.wikipedia.org\/wiki\/Caen\">Caen<\/a>&nbsp;\u2013 <a href=\"https:\/\/fr.wikipedia.org\/wiki\/Rouen\">Rouen<\/a> gr\u00e2ce \u00e0 la connexion entre les deux zones aptes \u00e0 la vitesse maximale de 200 km\/h de la <a href=\"https:\/\/fr.wikipedia.org\/wiki\/Ligne_de_Mantes-la-Jolie_%C3%A0_Cherbourg\">ligne existante<\/a>. Toutefois, l&#8217;\u00e9tude d&#8217;optimisation de 2013 a \u00e9cart\u00e9 cette id\u00e9e, qui n\u2019appara\u00eet plus en 2024 dans la documentation actuelle du projet.<\/p>\n\n\n\n<p><\/p>\n\n\n\n<p>\u00c0 tr\u00e8s long terme, une liaison \u00e0 grande vitesse reliant la Normandie au Nord de la France et \u00e0 l&#8217;<a href=\"https:\/\/fr.wikipedia.org\/wiki\/Europe\">Europe<\/a> pourrait voir le jour, avec la r\u00e9alisation d&#8217;une liaison entre la gare TGV existante d&#8217;<a href=\"https:\/\/fr.wikipedia.org\/wiki\/Gare_de_l%27a%C3%A9roport_Charles-de-Gaulle_2_TGV\">A\u00e9roport Charles-de-Gaulle 2 TGV<\/a> et une future gare TGV pr\u00e8s de <a href=\"https:\/\/fr.wikipedia.org\/wiki\/La_D%C3%A9fense\">La D\u00e9fense<\/a>, o\u00f9 aboutiraient les trains en provenance de la Normandie, ainsi que des <a href=\"https:\/\/fr.wikipedia.org\/wiki\/Eurostar\">Eurostar<\/a>, des <a href=\"https:\/\/fr.wikipedia.org\/wiki\/Thalys\">Thalys<\/a> et des <a href=\"https:\/\/fr.wikipedia.org\/wiki\/TGV\">TGV<\/a>. Ce projet est toutefois non consid\u00e9r\u00e9 en 2024.<\/p>\n\n\n\n<p><\/p>\n\n\n\n<p>voir l&#8217;article sur Wikipedia : <a href=\"https:\/\/fr.wikipedia.org\/wiki\/Ligne_nouvelle_Paris_-_Normandie#Projets_connexes\">https:\/\/fr.wikipedia.org\/wiki\/Ligne_nouvelle_Paris_-_Normandie#Projets_connexes<\/a><\/p>\n","protected":false},"excerpt":{"rendered":"<p>Parce que la Ligne nouvelle Paris-Normandie n&#8217;est qu&#8217;une brique dans une strat\u00e9gie plus g\u00e9n\u00e9rale de d\u00e9veloppement du train, voici quelques exemples de projets connexes (source : Wikipedia) Le prolongement du RER E vers Mantes-la-Jolie entra\u00eene un r\u00e9am\u00e9nagement de l&#8217;ensemble des voies de la gare de Mantes-la-Jolie, gare de bifurcation entre la ligne vers le Havre [&hellip;]<\/p>\n","protected":false},"author":1,"featured_media":0,"parent":0,"menu_order":0,"comment_status":"closed","ping_status":"closed","template":"","meta":{"footnotes":""},"class_list":["post-121","page","type-page","status-publish","hentry"],"_links":{"self":[{"href":"https:\/\/ouilnpn.fr\/index.php\/wp-json\/wp\/v2\/pages\/121","targetHints":{"allow":["GET"]}}],"collection":[{"href":"https:\/\/ouilnpn.fr\/index.php\/wp-json\/wp\/v2\/pages"}],"about":[{"href":"https:\/\/ouilnpn.fr\/index.php\/wp-json\/wp\/v2\/types\/page"}],"author":[{"embeddable":true,"href":"https:\/\/ouilnpn.fr\/index.php\/wp-json\/wp\/v2\/users\/1"}],"replies":[{"embeddable":true,"href":"https:\/\/ouilnpn.fr\/index.php\/wp-json\/wp\/v2\/comments?post=121"}],"version-history":[{"count":3,"href":"https:\/\/ouilnpn.fr\/index.php\/wp-json\/wp\/v2\/pages\/121\/revisions"}],"predecessor-version":[{"id":130,"href":"https:\/\/ouilnpn.fr\/index.php\/wp-json\/wp\/v2\/pages\/121\/revisions\/130"}],"wp:attachment":[{"href":"https:\/\/ouilnpn.fr\/index.php\/wp-json\/wp\/v2\/media?parent=121"}],"curies":[{"name":"wp","href":"https:\/\/api.w.org\/{rel}","templated":true}]}}