{"id":2,"date":"2024-12-01T01:11:26","date_gmt":"2024-12-01T00:11:26","guid":{"rendered":"http:\/\/ouilnpn.fr\/?page_id=2"},"modified":"2025-09-02T22:45:15","modified_gmt":"2025-09-02T20:45:15","slug":"revuedepresse","status":"publish","type":"page","link":"https:\/\/ouilnpn.fr\/index.php\/revuedepresse\/","title":{"rendered":"Revue de presse"},"content":{"rendered":"\n<p><\/p>\n\n\n\n<ul class=\"wp-block-list\">\n<li><a href=\"https:\/\/lagazette-yvelines.fr\/2025\/07\/16\/reprise-du-dialogue-rencontres-territoriales-ou-en-est-la-lnpn\/\" target=\"_blank\" rel=\"noreferrer noopener\"><em>La Gazette en Yvelines <\/em>le 16\/07\/2025 : Reprise du dialogue, rencontres territoriales\u2026 O\u00f9 en est la LNPN ?<\/a>\n<ul class=\"wp-block-list\">\n<li>avec Trois questions \u00e0 Ghislaine Sen\u00e9e, s\u00e9natrice des Yvelines<\/li>\n<\/ul>\n<\/li>\n<\/ul>\n\n\n\n<p><\/p>\n\n\n\n<ul class=\"wp-block-list\">\n<li>Apr\u00e8s l&#8217;annonce par la r\u00e9gion IdF de l&#8217;abandon du trac\u00e9 &#8211; liste d\u00e9taill\u00e9e sur <a href=\"https:\/\/ouilnpn.fr\/index.php\/2025\/06\/18\/lnpn-reste-un-projet-dinteret-national\/\">https:\/\/ouilnpn.fr\/index.php\/2025\/06\/18\/lnpn-reste-un-projet-dinteret-national\/<\/a>\n<ul class=\"wp-block-list\">\n<li><em>78Actu <\/em>le 28\/06\/2025 : <a href=\"https:\/\/actu.fr\/societe\/ligne-nouvelle-paris-normandie-le-projet-nest-pas-enterre-le-departement-des-yvelines-pret-a-discuter_62835376.html\">Ligne nouvelle Paris-Normandie : le projet n\u2019est pas enterr\u00e9, le d\u00e9partement des Yvelines \u00ab pr\u00eat \u00e0 discuter \u00bb<\/a><\/li>\n\n\n\n<li><em>Les \u00c9chos <\/em>le 21\/06\/2025: <a href=\"https:\/\/www.lesechos.fr\/pme-regions\/ile-de-france\/regain-de-tension-autour-du-projet-de-nouvelle-ligne-ferroviaire-entre-paris-et-la-normandie-2172232\">Regain de tension autour du projet de nouvelle ligne ferroviaire entre Paris et la Normandie<\/a><\/li>\n\n\n\n<li><em>Ici-France Bleu<\/em> le 17\/06\/2025 : <a href=\"https:\/\/www.francebleu.fr\/infos\/transports\/le-ministre-des-transports-affirme-que-la-ligne-nouvelle-paris-normandie-reste-un-projet-d-interet-national-majeur-6865834\">Le ministre des Transports affirme que la ligne nouvelle Paris-Normandie reste un &#8220;projet d\u2019int\u00e9r\u00eat national majeur&#8221;<\/a><\/li>\n<\/ul>\n<\/li>\n\n\n\n<li>Apr\u00e8s la r\u00e9union publique du 10 avril 2025 : <a href=\"https:\/\/ouilnpn.fr\/index.php\/2025\/04\/22\/revue-de-presse-apres-la-reunion-publique-du-10-avril\/\">Notre revue de presse apr\u00e8s la r\u00e9union publique du 10 avril<\/a><\/li>\n<\/ul>\n\n\n\n<div class=\"wp-block-group is-nowrap is-layout-flex wp-container-core-group-is-layout-6c531013 wp-block-group-is-layout-flex\">\n<ul class=\"wp-block-list\">\n<li><a href=\"https:\/\/www.ouest-france.fr\/economie\/transports\/train\/la-ligne-paris-normandie-est-un-projet-dinteret-national-soutient-le-ministre-des-transports-74af7a36-978e-11ef-9921-e056d0673e10\" target=\"_blank\" rel=\"noreferrer noopener\"><em>Ouest-France <\/em>le 31\/10\/2024 : La ligne Paris Normandie est un projet d\u2019int\u00e9r\u00eat national \u00bb soutient le ministre des Transports<\/a><\/li>\n<\/ul>\n<\/div>\n\n\n\n<hr class=\"wp-block-separator has-alpha-channel-opacity\"\/>\n\n\n\n<ul class=\"wp-block-list\">\n<li><em>Le Journal du Grand Paris<\/em>, 24\/09\/2024: <a href=\"https:\/\/www.lejournaldugrandparis.fr\/les-elus-ecologistes-denoncent-a-leur-tour-lopposition-de-valerie-pecresse-a-la-lnpn\">Les \u00e9lus \u00e9cologistes d\u00e9noncent \u00e0 leur tour l\u2019opposition de Val\u00e9rie P\u00e9cresse \u00e0 la LNPN<\/a><\/li>\n<\/ul>\n\n\n\n<hr class=\"wp-block-separator has-alpha-channel-opacity\"\/>\n\n\n\n<ul class=\"wp-block-list\">\n<li><em>France 3 Normandie <\/em>le 27\/02\/2023 : <a href=\"https:\/\/france3-regions.francetvinfo.fr\/normandie\/seine-maritime\/rouen\/ligne-nouvelle-paris-normandie-lnpn-les-dates-cles-annoncees-par-elisabeth-borne-2722218.html\" target=\"_blank\" rel=\"noreferrer noopener\">Ligne Nouvelle Paris Normandie (LNPN) : les dates cl\u00e9s annonc\u00e9es par Elisabeth Borne<\/a><\/li>\n<\/ul>\n","protected":false},"excerpt":{"rendered":"","protected":false},"author":1,"featured_media":0,"parent":0,"menu_order":0,"comment_status":"closed","ping_status":"open","template":"","meta":{"footnotes":""},"class_list":["post-2","page","type-page","status-publish","hentry"],"_links":{"self":[{"href":"https:\/\/ouilnpn.fr\/index.php\/wp-json\/wp\/v2\/pages\/2","targetHints":{"allow":["GET"]}}],"collection":[{"href":"https:\/\/ouilnpn.fr\/index.php\/wp-json\/wp\/v2\/pages"}],"about":[{"href":"https:\/\/ouilnpn.fr\/index.php\/wp-json\/wp\/v2\/types\/page"}],"author":[{"embeddable":true,"href":"https:\/\/ouilnpn.fr\/index.php\/wp-json\/wp\/v2\/users\/1"}],"replies":[{"embeddable":true,"href":"https:\/\/ouilnpn.fr\/index.php\/wp-json\/wp\/v2\/comments?post=2"}],"version-history":[{"count":12,"href":"https:\/\/ouilnpn.fr\/index.php\/wp-json\/wp\/v2\/pages\/2\/revisions"}],"predecessor-version":[{"id":206,"href":"https:\/\/ouilnpn.fr\/index.php\/wp-json\/wp\/v2\/pages\/2\/revisions\/206"}],"wp:attachment":[{"href":"https:\/\/ouilnpn.fr\/index.php\/wp-json\/wp\/v2\/media?parent=2"}],"curies":[{"name":"wp","href":"https:\/\/api.w.org\/{rel}","templated":true}]}}