{"id":3,"date":"2024-12-01T01:11:26","date_gmt":"2024-12-01T00:11:26","guid":{"rendered":"http:\/\/ouilnpn.fr\/?page_id=3"},"modified":"2024-12-02T14:36:56","modified_gmt":"2024-12-02T13:36:56","slug":"mentions-legales","status":"publish","type":"page","link":"https:\/\/ouilnpn.fr\/index.php\/mentions-legales\/","title":{"rendered":"Mentions l\u00e9gales"},"content":{"rendered":"\n<p>Merci de lire avec attention les diff\u00e9rentes modalit\u00e9s d\u2019utilisation du pr\u00e9sent site avant d\u2019y parcourir ses pages. En vous connectant sur ce site, vous acceptez sans r\u00e9serves les pr\u00e9sentes modalit\u00e9s. Aussi, conform\u00e9ment \u00e0 l\u2019article n\u00b06 de la Loi n\u00b02004-575 du 21 Juin 2004 pour la confiance dans l\u2019\u00e9conomie num\u00e9rique, les responsables du pr\u00e9sent site internet <a href=\"https:\/\/ouilnpn.fr\">ouilnpn.fr<\/a> sont :<\/p>\n\n\n\n<p><strong>\u00c9diteur du Site : OuiLnpn.fr<\/strong><br>Responsable \u00e9ditorial : Ghislaine Sen\u00e9e<br>Email : g.senee@senat.fr <br>Site Web : <a href=\"https:\/\/ouilnpn.fr\"><\/a><a href=\"https:\/\/ouilnpn.fr\">ouilnpn.fr<\/a> <\/p>\n\n\n\n<p><strong>H\u00e9bergement :&nbsp;<\/strong>OVH-Rue Kellermann 59100 Roubaix<\/p>\n\n\n\n<p><strong>Conditions d\u2019utilisation :\u00a0<\/strong>Ce site (<a href=\"https:\/\/ouilnpn.fr\">ouilnpn.fr<\/a>) est propos\u00e9 en diff\u00e9rents langages web (HTML, HTML5, Javascript, CSS, etc\u2026) pour un meilleur confort d\u2019utilisation et un graphisme plus agr\u00e9able, nous vous recommandons de recourir \u00e0 des navigateurs modernes comme Safari, Firefox, Google Chrome, etc\u2026<br><a href=\"https:\/\/ouilnpn.fr\">ouilnpn.fr<\/a> met en \u0153uvre tous les moyens dont elle dispose, pour assurer une information fiable et une mise \u00e0 jour fiable de ses sites internet. Toutefois, des erreurs ou omissions peuvent survenir. L\u2019internaute devra donc s\u2019assurer de l\u2019exactitude des informations aupr\u00e8s de <a href=\"https:\/\/ouilnpn.fr\"><a href=\"https:\/\/ouilnpn.fr\">ouilnpn.fr<\/a><\/a>, et signaler toutes modifications du site qu\u2019il jugerait utile.<\/p>\n\n\n\n<p><strong>Propri\u00e9t\u00e9 intellectuelle :\u00a0<\/strong>Tout le contenu du pr\u00e9sent sur le site <a href=\"https:\/\/ouilnpn.fr\">ouilnpn.fr<\/a>  ,  incluant, de fa\u00e7on non limitative, les graphismes, images, textes, vid\u00e9os, animations, sons, logos, gifs et ic\u00f4nes ainsi que leur mise en forme sont la propri\u00e9t\u00e9 exclusive de la soci\u00e9t\u00e9 \u00e0 l\u2019exception des marques, logos ou contenus appartenant \u00e0 d\u2019autres soci\u00e9t\u00e9s partenaires ou auteurs.<br>Toute reproduction, distribution, modification, adaptation, retransmission ou publication, m\u00eame partielle, de ces diff\u00e9rents \u00e9l\u00e9ments est strictement interdite sans mon accord par \u00e9crit . Cette repr\u00e9sentation ou reproduction, par quelque proc\u00e9d\u00e9 que ce soit, constitue une contrefa\u00e7on sanctionn\u00e9e par les articles L.335-2 et suivants du Code de la propri\u00e9t\u00e9 intellectuelle. Le non-respect de cette interdiction constitue une contrefa\u00e7on pouvant engager la responsabilit\u00e9 civile et p\u00e9nale du contrefacteur. En outre, les propri\u00e9taires des Contenus copi\u00e9s pourraient intenter une action en justice \u00e0 votre encontre.<\/p>\n\n\n\n<p><strong>Donn\u00e9es personnelles :\u00a0<\/strong>Le pr\u00e9sent site a fait l\u2019objet de la d\u00e9claration \u00e0 la CNIL. En accord avec la loi Informatique et Libert\u00e9, n\u00b0 78-17 du 6 janvier 1978, article 34, relative \u00e0 l\u2019informatique, aux fichiers et aux libert\u00e9s, vous b\u00e9n\u00e9ficiez d\u2019un droit d\u2019acc\u00e8s, de modification, de rectification et de suppression des donn\u00e9es qui vous concernent.<br>Pour exercer ce droit, il suffit de m\u2019en faire la demande par mail : <a href=\"mailto:contact@ouilnpn.fr\">contact@ouilnpn.fr<\/a><br><a href=\"https:\/\/ouilnpn.fr\"><\/a><a href=\"https:\/\/ouilnpn.fr\">ouilnpn.fr<\/a> collecte et utilise des informations personnelles afin d\u2019ex\u00e9cuter un service conforme \u00e0 vos attentes, de vous contacter pour r\u00e9pondre \u00e0 vos requ\u00eates, de conserver une trace de nos \u00e9changes et transactions.<\/p>\n\n\n\n<p><strong>Limite de responsabilit\u00e9 :\u00a0\u00a0<\/strong>Malgr\u00e9 un contr\u00f4le approfondi, <a href=\"https:\/\/ouilnpn.fr\"><a href=\"https:\/\/ouilnpn.fr\">ouilnpn.fr<\/a><\/a> n\u2019est pas responsable des liens externes. Cela s\u2019applique aux sites internet dont je fais r\u00e9f\u00e9rence sur mon site ou aux liens hypertextes pointant vers mon site <a href=\"https:\/\/ouilnpn.fr\"><\/a><a href=\"https:\/\/ouilnpn.fr\">ouilnpn.fr<\/a> toute responsabilit\u00e9 quant \u00e0 leurs contenus. Si vous rep\u00e9rez un contenu ill\u00e9gal ou illicite, vous pouvez me le signaler par email via le formulaire de contact<\/p>\n\n\n\n<p><strong>Cookies<\/strong> : Le site <a href=\"https:\/\/ouilnpn.fr\">ouilnpn.fr<\/a> peut-\u00eatre amen\u00e9 \u00e0 vous demander l\u2019acceptation des cookies pour des besoins de statistiques et d\u2019affichage. Un cookie est une information d\u00e9pos\u00e9e sur votre disque dur par le serveur du site que vous visitez. Il contient plusieurs donn\u00e9es qui sont stock\u00e9es sur votre ordinateur dans un simple fichier texte auquel un serveur acc\u00e8de pour lire et enregistrer des informations . Certaines parties de ce site ne peuvent \u00eatre fonctionnelles sans l\u2019acceptation de cookies.<\/p>\n","protected":false},"excerpt":{"rendered":"<p>Merci de lire avec attention les diff\u00e9rentes modalit\u00e9s d\u2019utilisation du pr\u00e9sent site avant d\u2019y parcourir ses pages. En vous connectant sur ce site, vous acceptez sans r\u00e9serves les pr\u00e9sentes modalit\u00e9s. Aussi, conform\u00e9ment \u00e0 l\u2019article n\u00b06 de la Loi n\u00b02004-575 du 21 Juin 2004 pour la confiance dans l\u2019\u00e9conomie num\u00e9rique, les responsables du pr\u00e9sent site internet [&hellip;]<\/p>\n","protected":false},"author":1,"featured_media":0,"parent":0,"menu_order":0,"comment_status":"closed","ping_status":"open","template":"","meta":{"footnotes":""},"class_list":["post-3","page","type-page","status-publish","hentry"],"_links":{"self":[{"href":"https:\/\/ouilnpn.fr\/index.php\/wp-json\/wp\/v2\/pages\/3","targetHints":{"allow":["GET"]}}],"collection":[{"href":"https:\/\/ouilnpn.fr\/index.php\/wp-json\/wp\/v2\/pages"}],"about":[{"href":"https:\/\/ouilnpn.fr\/index.php\/wp-json\/wp\/v2\/types\/page"}],"author":[{"embeddable":true,"href":"https:\/\/ouilnpn.fr\/index.php\/wp-json\/wp\/v2\/users\/1"}],"replies":[{"embeddable":true,"href":"https:\/\/ouilnpn.fr\/index.php\/wp-json\/wp\/v2\/comments?post=3"}],"version-history":[{"count":3,"href":"https:\/\/ouilnpn.fr\/index.php\/wp-json\/wp\/v2\/pages\/3\/revisions"}],"predecessor-version":[{"id":58,"href":"https:\/\/ouilnpn.fr\/index.php\/wp-json\/wp\/v2\/pages\/3\/revisions\/58"}],"wp:attachment":[{"href":"https:\/\/ouilnpn.fr\/index.php\/wp-json\/wp\/v2\/media?parent=3"}],"curies":[{"name":"wp","href":"https:\/\/api.w.org\/{rel}","templated":true}]}}